{"id":197,"date":"2022-04-06T23:30:29","date_gmt":"2022-04-06T14:30:29","guid":{"rendered":"http:\/\/localhost:3000\/?page_id=197"},"modified":"2025-06-11T21:50:20","modified_gmt":"2025-06-11T12:50:20","slug":"%e3%83%88%e3%83%83%e3%83%97%e3%83%9a%e3%83%bc%e3%82%b8","status":"publish","type":"page","link":"https:\/\/noi-net.co.jp\/","title":{"rendered":"Top"},"content":{"rendered":"\r\n<div class=\"top-profile bg-gray\">\r\n    <div class=\"inner\">\r\n        <p class=\"title-section\">\r\n            <span class=\"title-icon\">\r\n                <img src=\"\/wordpress\/wp-content\/uploads\/icon-profile.png\">\r\n            <\/span>Profil\r\n        <\/p>\r\n        <div class=\"title-h2__wrap\">\r\n            <h2 class=\"title-h2\">Gedanken, Werte und Kommunikation. <br>Wir verbinden sie alle und erschaffen so eine vernetzte Welt.<\/h2>\r\n            <div class=\"link__box\">\r\n                <a href=\"\/de\/profile\" class=\"link ml\">Learn more<\/a>\r\n            <\/div>\r\n        <\/div>\r\n    <\/div>\r\n    <img class=\"top-profile__thumbnail\" src=\"\/wordpress\/wp-content\/uploads\/top-profile.jpg\" alt=\"\">\r\n<\/div>\r\n\r\n<div class=\"top-services\">\r\n    <div class=\"inner\">\r\n        <p class=\"title-section\">\r\n            <span class=\"title-icon\">\r\n                <img src=\"\/wordpress\/wp-content\/uploads\/icon-service.png\">\r\n            <\/span>Dienstleistungen\r\n        <\/p>\r\n        <div class=\"title-h2__wrap\">\r\n            <h2 class=\"title-h2\">Wir setzen an dem Ort an, an dem es z\u00e4hlt: am Messestand \u2013 mit einem Rundumblick sind wir weltweit an Ihrer Seite.<\/h2>\r\n            <p class=\"top-services__info\">Messen erfordern eine ganzheitliche Kommunikationsstrategie. Seit unserer Gr\u00fcndung haben wir durch unsere Erfahrung auf nationalen und internationalen Fachmessen eine besondere F\u00e4higkeit entwickelt, Ideen und Werte \u00fcber unterschiedliche Grenzen hinweg zu \u201e\u00fcbersetzen\u201c \u2013 seien es nationale, kulturelle oder kontextuelle.<br>\r\n            Diese Kompetenz ist nicht nur im Messebereich gefragt. Wir verstehen uns als langfristiger Partner, sie bei Ihren Auftritten unterst\u00fctzt \u2013 nicht nur durch den Bau tempor\u00e4rer Messest\u00e4nde, sondern durch kontinuierliche, strategische L\u00f6sungen.<br>\r\nWir begleiten unsere Kund*innen in alle Richtungen \u2013 vor, w\u00e4hrend und nach der Messe.<\/p>\r\n            <div class=\"link__box\">\r\n                <a href=\"\/de\/dienstleistung\" class=\"link ml\">Learn more<\/a>\r\n            <\/div>\r\n        <\/div>\r\n    <\/div>\r\n    <img class=\"top-services__thumbnail\" src=\"\/wordpress\/wp-content\/uploads\/top-service.jpg\" alt=\"\">\r\n<\/div>\r\n\r\n<div class=\"top-projects bg-gray\">\r\n    <div class=\"inner\">\r\n    <p class=\"title-section\">\r\n        <span class=\"title-icon\">\r\n            <img src=\"\/wordpress\/wp-content\/uploads\/icon-projects.png\">\r\n        <\/span>Projekte\r\n    <\/p>\r\n    <h2 class=\"title-h2\">Anzahl an Projekten pro Jahr<\/h2>\r\n    <div class=\"project-count\">\n\t<div class=\"js-count project-count__item\">\n\t\t<span class=\"project-count__name\">USA \/ <br class=\"sp\">etc.<\/span>\n\t\t<span class=\"js-num project-count__number\" data-num=\"15\">0<\/span>\t<\/div>\n\t<div class=\"js-count project-count__item\">\n\t\t<span class=\"project-count__name\">EU \/ <br class=\"sp\">UK<\/span>\n\t\t<span class=\"js-num project-count__number\" data-num=\"65\">0<\/span>\t<\/div>\n\t<div class=\"js-count project-count__item\">\n\t\t<span class=\"project-count__name\">Deutschland<\/span>\n\t\t<span class=\"js-num project-count__number\" data-num=\"100\">0<\/span>\t<\/div>\n\t<div class=\"js-count project-count__item\">\n\t\t<span class=\"project-count__name\">Naher Osten \/ <br class=\"sp\">Asien<\/span>\n\t\t<span class=\"js-num project-count__number\" data-num=\"25\">0<\/span>\t<\/div>\n\t<div class=\"js-count project-count__item\">\n\t\t<span class=\"project-count__name\">Japan<\/span>\n\t\t<span class=\"js-num project-count__number\" data-num=\"20\">0<\/span>\t<\/div>\n\t<div class=\"js-count project-count__item\">\n\t\t<span class=\"project-count__name\">Insgesamt <br class=\"sp\">(Durchschnitt)<\/span>\n\t\t<span class=\"js-num project-count__number\" data-num=\"225\">0<\/span>\t<\/div>\n<\/div>\n\r\n    <div class=\"link__box\">\r\n        <a href=\"\/de\/projekt\" class=\"link ml\">Learn more<\/a>\r\n    <\/div>\r\n    <\/div>\r\n\r\n    <div class=\"top-projects__slider\">\r\n        <link rel=\"stylesheet\" href=\"https:\/\/unpkg.com\/swiper\/swiper-bundle.min.css\">\r\n        <script src=\"https:\/\/unpkg.com\/swiper\/swiper-bundle.min.js\"><\/script>\r\n        <div class=\"swiper-container\">\r\n            <div class=\"swiper-wrapper\">\r\n\r\n                <!-- \u30b9\u30e9\u30a4\u30c0\u30fc1\u958b\u59cb -->\r\n                <a href=\"\/de\/projekt\/\" class=\"swiper-slide\">\r\n                    <div class=\"thumb-overlayer\">\r\n                            <div class=\"project-info\">\r\n                                <div class=\"project-info__wrap\">\r\n                                    <span class=\"project-info__date\">2019<\/span>\r\n                                    <span class=\"project-info__title\">Bauma<\/span>\r\n                                    <span class=\"project-info__detail\">Muenchen \/ Germany<\/span>\r\n                                <\/div>\r\n                            <\/div>\r\n                    <\/div>\r\n                    <img src=\"\/wordpress\/wp-content\/uploads\/2019_Bauma_Muenchen_01.jpg\" alt=\"\">\r\n                <\/a>\r\n                <!-- \u30b9\u30e9\u30a4\u30c0\u30fc1\u7d42\u4e86 -->\r\n\r\n                <!-- \u30b9\u30e9\u30a4\u30c0\u30fc2\u958b\u59cb -->\r\n                <a href=\"\/de\/projekt\/\" class=\"swiper-slide\">\r\n                    <div class=\"thumb-overlayer\">\r\n                            <div class=\"project-info\">\r\n                                <div class=\"project-info__wrap\">\r\n                                    <span class=\"project-info__date\">2017<\/span>\r\n                                    <span class=\"project-info__title\">IFA<\/span>\r\n                                    <span class=\"project-info__detail\">Berlin \/ Germany<\/span>\r\n                                <\/div>\r\n                            <\/div>\r\n                    <\/div>\r\n                    <img src=\"\/wordpress\/wp-content\/uploads\/IFA_1.jpg\" alt=\"\">\r\n                <\/a>\r\n                <!-- \u30b9\u30e9\u30a4\u30c0\u30fc2\u7d42\u4e86 -->\r\n\r\n                <!-- \u30b9\u30e9\u30a4\u30c0\u30fc3\u958b\u59cb -->\r\n                <a href=\"\/de\/projekt\/\" class=\"swiper-slide\">\r\n                    <div class=\"thumb-overlayer\">\r\n                            <div class=\"project-info\">\r\n                                <div class=\"project-info__wrap\">\r\n                                    <span class=\"project-info__date\">2018<\/span>\r\n                                    <span class=\"project-info__title\">Heimtextil<\/span>\r\n                                    <span class=\"project-info__detail\">Frankfurt \/ Germany<\/span>\r\n                                <\/div>\r\n                            <\/div>\r\n                    <\/div>\r\n                    <img src=\"\/wordpress\/wp-content\/uploads\/2018_Heimtextil_Frankfurt_03-_.jpg\" alt=\"\">\r\n                <\/a>\r\n                <!-- \u30b9\u30e9\u30a4\u30c0\u30fc3\u7d42\u4e86 -->\r\n\r\n                <!-- \u30b9\u30e9\u30a4\u30c0\u30fc4\u958b\u59cb -->\r\n                <a href=\"\/de\/projekt\/\" class=\"swiper-slide\">\r\n                    <div class=\"thumb-overlayer\">\r\n                            <div class=\"project-info\">\r\n                                <div class=\"project-info__wrap\">\r\n                                    <span class=\"project-info__date\">2018<\/span>\r\n                                    <span class=\"project-info__title\">Light&Building<\/span>\r\n                                    <span class=\"project-info__detail\">Frankfurt \/ Germany<\/span>\r\n                                <\/div>\r\n                            <\/div>\r\n                    <\/div>\r\n                    <img src=\"\/wordpress\/wp-content\/uploads\/2018_LightBuilding_TOKISTAR.jpg\" alt=\"\">\r\n                <\/a>\r\n                <!-- \u30b9\u30e9\u30a4\u30c0\u30fc4\u7d42\u4e86 -->\r\n\r\n            <\/div>\r\n        <\/div>\r\n    <\/div>\r\n<\/div>\r\n","protected":false},"excerpt":{"rendered":"<p>&#46;&#46;&#46;<\/p>\n","protected":false},"author":4,"featured_media":0,"parent":0,"menu_order":8,"comment_status":"closed","ping_status":"closed","template":"page-de.php","meta":{"_locale":"de_DE","_original_post":"http:\/\/noi.vsw.jp\/?page_id=12"},"acf":[],"_links":{"self":[{"href":"https:\/\/noi-net.co.jp\/wp-json\/wp\/v2\/pages\/197"}],"collection":[{"href":"https:\/\/noi-net.co.jp\/wp-json\/wp\/v2\/pages"}],"about":[{"href":"https:\/\/noi-net.co.jp\/wp-json\/wp\/v2\/types\/page"}],"author":[{"embeddable":true,"href":"https:\/\/noi-net.co.jp\/wp-json\/wp\/v2\/users\/4"}],"replies":[{"embeddable":true,"href":"https:\/\/noi-net.co.jp\/wp-json\/wp\/v2\/comments?post=197"}],"version-history":[{"count":21,"href":"https:\/\/noi-net.co.jp\/wp-json\/wp\/v2\/pages\/197\/revisions"}],"predecessor-version":[{"id":1080,"href":"https:\/\/noi-net.co.jp\/wp-json\/wp\/v2\/pages\/197\/revisions\/1080"}],"wp:attachment":[{"href":"https:\/\/noi-net.co.jp\/wp-json\/wp\/v2\/media?parent=197"}],"curies":[{"name":"wp","href":"https:\/\/api.w.org\/{rel}","templated":true}]}}