{"id":667,"date":"2022-07-15T17:43:57","date_gmt":"2022-07-15T08:43:57","guid":{"rendered":"http:\/\/localhost:3000\/?page_id=667"},"modified":"2025-12-01T11:16:14","modified_gmt":"2025-12-01T02:16:14","slug":"profile","status":"publish","type":"page","link":"https:\/\/noi-net.co.jp\/de\/profile\/","title":{"rendered":"Profil"},"content":{"rendered":"\r\n<div>\r\n<p class=\"title-section\">Philosophie<\/p>\r\n<div>\r\n<h2 class=\"title-h2 mb-type1\">Gedanken, Werte und Kommunikation. <br \/>\r\nWir verbinden sie alle und erschaffen so eine vernetzte Welt.<\/h2>\r\n<p>Es existieren zahlreiche Hindernisse in der Welt, wie etwa unterschiedliche Lebensstile, Kulturen und Sprachbarrieren. <br \/>\r\nDiese wollen wir \u00fcberwinden, indem wir unsere weitreichenden Erfahrungen und die Kommunikationwege, die wir durch unsere Ausstellungen in Japan und im Ausland gewonnen haben, nutzen. <br \/>\r\n<br \/>\r\nUnser Ziel ist es, Unternehmen, Produkte, Technologien und Menschen weltweit miteinander zu verbinden \u2013 dabei verstehen und gestalten wir diese umfassend,<br \/>\r\neinschlie\u00dflich ihrer Gedanken und Werte. <br \/>\r\n<br \/>\r\nWir hoffen, dass solche Plattformen und Gelegenheiten dazu beitragen werden, neue wirtschaftliche M\u00f6glichkeiten und kulturellen Austausch zu schaffen.<\/p>\r\n<\/div>\r\n<\/div>\r\n<div class=\"section-padding\">\r\n<p class=\"title-section\">Vision ~ 2025 ~<\/p>\r\n<div>\r\n<h2 class=\"title-h2 mb-type1\">Vom reinen Messestand-Spezialisten zu einem verl\u00e4sslichen Partner der Ihre globales Gesch\u00e4ft umfassend unterst\u00fctzt.<\/h2>\r\n<p><span class=\"fw-medium\">Ein Partner f\u00fcr alle F\u00e4lle<\/span><br \/>\r\nMesseveranstaltungen erfordern weitreichende Kommunikationskonzepte.<br \/>\r\nSeit unserer Gr\u00fcndung im Jahre 1983 haben wir durch nationale und internationale Messen umfassende \u201e\u00dcbersetzungskompetenz\u201c entwickelt.<br \/>\r\nDiese F\u00e4higkeit erm\u00f6glicht es uns, Botschaften und Werte \u00fcber Grenzen hinweg zu vermitteln \u2013 sei es zwischen L\u00e4ndern, Kulturen oder Perspektiven.<br \/>\r\nDoch diese Kompetenz wird nicht nur auf Messen gebraucht.<br \/>\r\nWir m\u00f6chten mehr sein als nur ein tempor\u00e4rer Messestandbauer \u2013 wir streben danach, ein verl\u00e4sslicher Partner zu sein, der Ihr globales Gesch\u00e4ft kontinuierlich und umfassend unterst\u00fctzt. Das ist die Zukunftvision von Noi, das nun bereits seit \u00fcber 40 Jahre bestand hat. <br \/>\r\n<br \/>\r\n<span class=\"fw-medium\">Ein Umfeld, in dem Mitarbeiter ihr Bestes geben k\u00f6nnen<\/span><br \/>\r\nUnser wertvollstes Kapital sind unsere Mitarbeiter. Die breite Perspektive, die kreative Flexibilit\u00e4t und der aufmerksame Service jedes Einzelnen \u2013 erst diese stetige Weiterentwicklung ebnet den Weg f\u00fcr unsere Zukunft.<br \/>\r\n<br \/>\r\nDamit jedes Teammitglied sein volles Potenzial entfalten und professionell arbeiten kann, f\u00f6rdern wir eine Arbeitskultur, die Teamgeist und Work-Life-Balance gleicherma\u00dfen st\u00e4rkt.<\/p>\r\n<\/div>\r\n<\/div>\r\n<div class=\"profile-feature section-padding\">\r\n<p class=\"title-section\">Unsere St\u00e4rken<\/p>\r\n<div>\r\n<h2 class=\"title-h2 mb-type2 sp-medium\">Die weltweit gesammelte Erfahrung im Messebau \u2013 die St\u00e4rken von Noi<\/h2>\r\n<\/div>\r\n<div class=\"profile-feature__item\">\r\n<h2 class=\"title-h2 fc-gold sp-medium\">01. <br class=\"sp\" \/>\r\nRundum-360\u00b0- Support f\u00fcr Ihren Messeauftritt<\/h2>\r\n<p>Von der Vor- bis zur Nachbereitung - Um eine erfolgreiche Teilnahme an einer Messe zu gew\u00e4hrleisten, sind viele Schritte notwendig.<br \/>\r\nNoi bietet nicht nur den Messebau an, sondern unterst\u00fctzt Sie auch durch Beratung, Gestaltung und pers\u00f6nliche Betreuung.<\/p>\r\n<\/div>\r\n<div class=\"profile-feature__item\">\r\n<h2 class=\"title-h2 fc-gold sp-medium\">02. <br class=\"sp\" \/>\r\nZuverl\u00e4ssige Konstruktion nach deutschem Standard<\/h2>\r\n<p>Deutschland, das Land der Meister, ist ein integraler Bestandteil der Identit\u00e4t von Noi.<br \/>\r\nDank unserer langj\u00e4hrigen Erfahrung in Deutschland und unserem internationalen Partnernetzwerk garantieren wir zuverl\u00e4ssige und hochwertige Umsetzung weltweit.<\/p>\r\n<\/div>\r\n<div class=\"profile-feature__item\">\r\n<h2 class=\"title-h2 fc-gold sp-medium\">03. <br class=\"sp\" \/>\r\nSteigern Sie den globalen Wert ihres Produktes mit der Kraft des Designs<\/h2>\r\n<p>Als Spezialisten f\u00fcr Raumgestaltung schaffen wir Messeauftritte, die sowohl im In- als auch im Ausland wirken.<br \/>\r\nUnsere Designs erm\u00f6glichen eine Kommunikation, die manchmal mehr sagt als Worte \u2013 mit kreativer Gestaltung, die international \u00fcberzeugt.<\/p>\r\n<\/div>\r\n<\/div>\r\n<div class=\"profile-company section-padding\">\r\n<div class=\"profile-company__left\">\r\n<p class=\"title-section\">Firmen Profil<\/p>\r\n<\/div>\r\n<div class=\"profile-company__info\">\r\n<dl>\r\n<dt>Name der Firma<\/dt>\r\n<dd>NOI Corporation<\/dd>\r\n<\/dl>\r\n<dl>\r\n<dt>Gegr\u00fcndet<\/dt>\r\n<dd>18. April 1983<\/dd>\r\n<\/dl>\r\n<dl>\r\n<dt>Standort<\/dt>\r\n<dd>Kinsan-Geb\u00e4ude, 2. Stock, Raum B, 4-1-21 Nihonbashi Muromachi, Chuo-ku, Tokyo 103-0022<\/dd>\r\n<\/dl>\r\n<dl>\r\n<dt>Telefonnummer<\/dt>\r\n<dd>+81-3-3231-3220<\/dd>\r\n<\/dl>\r\n<dl>\r\n<dt>Vorsitzender<\/dt>\r\n<dd>Shinichi Takahashi<\/dd>\r\n<\/dl>\r\n<dl>\r\n<dt>Startkapital<\/dt>\r\n<dd>10 Millionen Yen<\/dd>\r\n<\/dl>\r\n<dl>\r\n<dt>Registrierungsartikel<\/dt>\r\n<dd>Registrierter Bauunternehmer gem\u00e4\u00df den Vorschriften des Gouverneurs von Tokio<br \/>\r\nLizenznummer: Nr. 84950<\/dd>\r\n<\/dl>\r\n<dl>\r\n<dt>Gesch\u00e4ftliche Inhalte<\/dt>\r\n<dd>Planung und Ausf\u00fchrung von Ausstellungsst\u00e4nden f\u00fcr Messen und Fachausstellungen weltweit<br \/>\r\nBeratungst\u00e4tigkeiten und Unterst\u00fctzung internationaler Gesch\u00e4ftsaktivit\u00e4ten im Bezug auf Messen\/Events etc.<br \/>\r\nPlanung, Design und Produktion verschiedener Werbe- und Informationsmaterialien sowie Planung und Durchf\u00fchrung von privaten Events<\/dd>\r\n<\/dl>\r\n<\/div>\r\n<\/div>\r\n<div class=\"profile-access section-padding\">\r\n<div class=\"profile-access__left\">\r\n<p class=\"title-section\">Wegbeschreibung<\/p>\r\n<p>\u3012103-0022<br \/>\r\n4-1-21 Nihonbashi Muromachi, Chuo-ku, Tokyo<br \/>\r\nRoom B on the 2nd floor of Kinsan Building<br \/>\r\n<br \/>\r\n<span class=\"profile-access__left--fit\">Tel.<\/span>+81-3-3231-3220<\/p>\r\n<a class=\"link\" href=\"https:\/\/goo.gl\/maps\/zXaFEKgB4MpBqLjd8\" target=\"_blank\" rel=\"noopener\">Google map<\/a><\/div>\r\n<div class=\"profile-access__info\"><style type=\"text\/css\" id=\"gmpMapStyles_1_1170\">\r\n\t#google_map_easy_1_1170 {\r\n        width: 100%;\r\n        height: 650px;\r\n\t\t\t\t\t\t    }\r\n\t#gmapControlsNum_1_1170 {\r\n\t\twidth:100%\t}\r\n\t.gmpMapDetailsContainer#gmpMapDetailsContainer_1_1170 {\r\n\t\theight:650px;\r\n\t}\r\n\t.gmp_MapPreview#google_map_easy_1_1170 {\r\n\t\t\/*position:absolute;*\/\r\n\t\twidth: 100%;\r\n\t}\r\n\t#mapConElem_1_1170{\r\n\t\twidth: 100%\t}\r\n    .gm-style .gm-style-iw-c{\r\n        padding: 12px!important;\r\n    }\r\n\t            .gm-style .gm-style-iw-t {\r\n            display: none !important;\r\n        }\r\n    <\/style>\r\n <div class=\"gmp_map_opts\" id=\"mapConElem_1_1170\" data-id=\"1\" data-view-id=\"1_1170\" > <div class=\"gmpMapDetailsContainer\" id=\"gmpMapDetailsContainer_1_1170\"> <i class=\"gmpKMLLayersPreloader fa fa-spinner fa-spin\" aria-hidden=\"true\" style=\"display: none;\"><\/i> <div class=\"gmp_MapPreview \" id=\"google_map_easy_1_1170\"><\/div> <\/div> <div class=\"gmpMapMarkerFilters\" id=\"gmpMapMarkerFilters_1_1170\"> <\/div> <div class=\"gmpMapProControlsCon\" id=\"gmpMapProControlsCon_1_1170\"> <\/div> <div class=\"gmpMapProDirectionsCon\" id=\"gmpMapProDirectionsCon_1_1170\" > <\/div> <div class=\"gmpMapProKmlFilterCon\" id=\"gmpMapProKmlFilterCon_1_1170\" > <\/div> <div class=\"gmpSocialSharingShell gmpSocialSharingShell_1_1170\"> <\/div> <div style=\"clear: both;\"><\/div> <\/div> <\/div>\r\n<\/div>\r\n<div class=\"profile-message section-padding\">\r\n<div class=\"profile-message__left\">\r\n<p class=\"title-section\">Eine Nachricht von unserer Gesch\u00e4ftsf\u00fchrung<\/p>\r\n<\/div>\r\n<div class=\"profile-message__info\">\r\n<p class=\"profile-medium-title\">Damit m\u00f6glichst viele Unternehmen an Messestandorten in aller Welt Fr\u00fcchte tragen.<\/p>\r\n<p>Mit Wurzeln, die bis ins Mittelalter zur\u00fcckreichen, sind Messen ein Herzst\u00fcck der deutschen Industrie \u2013 und weltweit ein zentraler Ort f\u00fcr wirtschaftliche Begegnungen.<br \/>\r\nSeit unserer Gr\u00fcndung im Jahr 1983 steht Noi f\u00fcr innovative und wirkungsvolle Messeauftritte \u2013 an f\u00fchrenden Messestandorten in Deutschland und auf der ganzen Welt.<br \/>\r\nOb internationale Fachmessen mit starkem Business-Fokus oder nationale Ausstellungen als Plattform f\u00fcr den Austausch neuester Trends \u2013 jede Messe verfolgt ihre eigenen Ziele.<br \/>\r\nDoch eines ist immer gleich: Der Moment der Begegnung zwischen Ausstellern und Besuchern findet am Messestand statt. Und genau dort beginnt Erfolg \u2013 mit einem Auftritt, der \u00fcberzeugt.<br \/>\r\nUnsere Mission bei Noi ist es, Messest\u00e4nde zu gestalten, die weit mehr sind als nur Pr\u00e4sentationsfl\u00e4chen \u2013 sie sollen zu lebendigen Begegnungsorten werden, an denen neue Verbindungen entstehen. Um das zu erreichen, m\u00f6chten wir unsere ganzheitliche Unterst\u00fctzung f\u00fcr globale Gesch\u00e4ftsaktivit\u00e4ten weiter vertiefen und einen nachhaltigen Mehrwert schaffen.<br \/>\r\nWir sind \u00fcberzeugt: Ein Messestand erf\u00fcllt erst dann seinen wahren Zweck, wenn er als B\u00fchne f\u00fcr wirkungsvolle Kommunikation funktioniert \u2013 und damit m\u00f6glichst viele Gesch\u00e4ftskontakte erm\u00f6glicht.<br \/>\r\n<br \/>\r\nGerade in den letzten Jahren, mit dem Fortschreiten der Digitalisierung und den Auswirkungen von Covid-19, wurde der Wert physischer Veranstaltungen zunehmend hinterfragt. <br \/>\r\nHeute stehen Unternehmen vor der Herausforderung, Online- und Offline-Kommunikation sinnvoll zu verbinden.<br \/>\r\n<br \/>\r\nWir bei Noi m\u00f6chten genau diese Balance gestalten \u2013 mit zukunftsweisenden Messekonzepten, die digital und physisch vereinen und dadurch R\u00e4ume f\u00fcr Begegnung schaffen, wie noch nie zuvor.<br \/>\r\n<br \/>\r\nCEO Shinichi Takahashi<\/p>\r\n<\/div>\r\n<\/div>\r\n<div class=\"profile-credo section-padding\">\r\n<div class=\"profile-credo__left\">\r\n<p class=\"title-section\">Credo<\/p>\r\n<\/div>\r\n<div class=\"profile-credo__info\">\r\n<div class=\"profile-credo__item\">\r\n<p class=\"profile-medium-title\"><span class=\"fw-regular\">Diversit\u00e4t<\/span> | Unbekannte Welten entdecken.<\/p>\r\n<p>Tauche Sie in verschiedenste Wertewelten und Kulturen ein, weiten Sie Ihren Horizont und entfalten Sie Ihre kreative Schaffenskraft.<\/p>\r\n<\/div>\r\n<div class=\"profile-credo__item\">\r\n<p class=\"profile-medium-title\"><span class=\"fw-regular\">Kommunikation<\/span> | Die Welt aus einer neuen Perspektive sehen<\/p>\r\n<p>Den Wert von Kommunikation bestimmt stets der Empf\u00e4nger.<br \/>\r\nSchaffe Botschaften, die ins Herz treffen \u2013 indem du immer zuerst die Position deines Gegen\u00fcbers in Betracht ziehst.<\/p>\r\n<\/div>\r\n<div class=\"profile-credo__item\">\r\n<p class=\"profile-medium-title\"><span class=\"fw-regular\">Herausforderungen <\/span> | Eine neue Welt gestalten<\/p>\r\n<p>Jedes Puzzleteil, jeder Fortschritt, tr\u00e4gt zum Gesamtbild bei.<br \/>\r\nBeginnend mit \"Wie k\u00f6nnen wir das umsetzen?\", \u00fcberqueren wir St\u00fcck f\u00fcr St\u00fcck die H\u00fcrden, um eine neue Welt zu gestalten.<\/p>\r\n<\/div>\r\n<\/div>\r\n<\/div>\r\n","protected":false},"excerpt":{"rendered":"<p>&#46;&#46;&#46;<\/p>\n","protected":false},"author":4,"featured_media":0,"parent":0,"menu_order":3,"comment_status":"closed","ping_status":"closed","template":"page-profile.php","meta":{"_locale":"de_DE","_original_post":"http:\/\/localhost:3000\/?page_id=69"},"acf":[],"_links":{"self":[{"href":"https:\/\/noi-net.co.jp\/wp-json\/wp\/v2\/pages\/667"}],"collection":[{"href":"https:\/\/noi-net.co.jp\/wp-json\/wp\/v2\/pages"}],"about":[{"href":"https:\/\/noi-net.co.jp\/wp-json\/wp\/v2\/types\/page"}],"author":[{"embeddable":true,"href":"https:\/\/noi-net.co.jp\/wp-json\/wp\/v2\/users\/4"}],"replies":[{"embeddable":true,"href":"https:\/\/noi-net.co.jp\/wp-json\/wp\/v2\/comments?post=667"}],"version-history":[{"count":17,"href":"https:\/\/noi-net.co.jp\/wp-json\/wp\/v2\/pages\/667\/revisions"}],"predecessor-version":[{"id":1129,"href":"https:\/\/noi-net.co.jp\/wp-json\/wp\/v2\/pages\/667\/revisions\/1129"}],"wp:attachment":[{"href":"https:\/\/noi-net.co.jp\/wp-json\/wp\/v2\/media?parent=667"}],"curies":[{"name":"wp","href":"https:\/\/api.w.org\/{rel}","templated":true}]}}